{"id":13586,"date":"2024-06-26T22:18:52","date_gmt":"2024-06-27T01:18:52","guid":{"rendered":"http:\/\/dev.adrimak.com.br\/?page_id=13586"},"modified":"2025-07-10T19:59:24","modified_gmt":"2025-07-10T22:59:24","slug":"nossa-historia","status":"publish","type":"page","link":"https:\/\/adrimak.com.br\/?page_id=13586","title":{"rendered":"Nossa Hist\u00f3ria"},"content":{"rendered":"\t\t<div data-elementor-type=\"wp-page\" data-elementor-id=\"13586\" class=\"elementor elementor-13586\" data-elementor-post-type=\"page\">\n\t\t\t\t<div class=\"elementor-element elementor-element-b908b11 e-flex e-con-boxed e-con e-parent\" data-id=\"b908b11\" data-element_type=\"container\">\n\t\t\t\t\t<div class=\"e-con-inner\">\n\t\t\t\t<div class=\"elementor-element elementor-element-cdd1483 elementor-widget elementor-widget-heading\" data-id=\"cdd1483\" data-element_type=\"widget\" data-widget_type=\"heading.default\">\n\t\t\t\t<div class=\"elementor-widget-container\">\n\t\t\t<style>\/*! elementor - v3.22.0 - 17-06-2024 *\/\n.elementor-heading-title{padding:0;margin:0;line-height:1}.elementor-widget-heading .elementor-heading-title[class*=elementor-size-]>a{color:inherit;font-size:inherit;line-height:inherit}.elementor-widget-heading .elementor-heading-title.elementor-size-small{font-size:15px}.elementor-widget-heading .elementor-heading-title.elementor-size-medium{font-size:19px}.elementor-widget-heading .elementor-heading-title.elementor-size-large{font-size:29px}.elementor-widget-heading .elementor-heading-title.elementor-size-xl{font-size:39px}.elementor-widget-heading .elementor-heading-title.elementor-size-xxl{font-size:59px}<\/style><h2 class=\"elementor-heading-title elementor-size-default\">N\u00f3s escrevemos nossa hist\u00f3ria!<\/h2>\t\t<\/div>\n\t\t\t\t<\/div>\n\t\t\t\t<div class=\"elementor-element elementor-element-2a75e59 elementor-widget elementor-widget-spacer\" data-id=\"2a75e59\" data-element_type=\"widget\" data-widget_type=\"spacer.default\">\n\t\t\t\t<div class=\"elementor-widget-container\">\n\t\t\t<style>\/*! elementor - v3.22.0 - 17-06-2024 *\/\n.elementor-column .elementor-spacer-inner{height:var(--spacer-size)}.e-con{--container-widget-width:100%}.e-con-inner>.elementor-widget-spacer,.e-con>.elementor-widget-spacer{width:var(--container-widget-width,var(--spacer-size));--align-self:var(--container-widget-align-self,initial);--flex-shrink:0}.e-con-inner>.elementor-widget-spacer>.elementor-widget-container,.e-con>.elementor-widget-spacer>.elementor-widget-container{height:100%;width:100%}.e-con-inner>.elementor-widget-spacer>.elementor-widget-container>.elementor-spacer,.e-con>.elementor-widget-spacer>.elementor-widget-container>.elementor-spacer{height:100%}.e-con-inner>.elementor-widget-spacer>.elementor-widget-container>.elementor-spacer>.elementor-spacer-inner,.e-con>.elementor-widget-spacer>.elementor-widget-container>.elementor-spacer>.elementor-spacer-inner{height:var(--container-widget-height,var(--spacer-size))}.e-con-inner>.elementor-widget-spacer.elementor-widget-empty,.e-con>.elementor-widget-spacer.elementor-widget-empty{position:relative;min-height:22px;min-width:22px}.e-con-inner>.elementor-widget-spacer.elementor-widget-empty .elementor-widget-empty-icon,.e-con>.elementor-widget-spacer.elementor-widget-empty .elementor-widget-empty-icon{position:absolute;top:0;bottom:0;left:0;right:0;margin:auto;padding:0;width:22px;height:22px}<\/style>\t\t<div class=\"elementor-spacer\">\n\t\t\t<div class=\"elementor-spacer-inner\"><\/div>\n\t\t<\/div>\n\t\t\t\t<\/div>\n\t\t\t\t<\/div>\n\t\t\t\t<div class=\"elementor-element elementor-element-67676fb elementor-widget elementor-widget-image\" data-id=\"67676fb\" data-element_type=\"widget\" data-widget_type=\"image.default\">\n\t\t\t\t<div class=\"elementor-widget-container\">\n\t\t\t<style>\/*! elementor - v3.22.0 - 17-06-2024 *\/\n.elementor-widget-image{text-align:center}.elementor-widget-image a{display:inline-block}.elementor-widget-image a img[src$=\".svg\"]{width:48px}.elementor-widget-image img{vertical-align:middle;display:inline-block}<\/style>\t\t\t\t\t\t\t\t\t\t<img fetchpriority=\"high\" decoding=\"async\" width=\"2560\" height=\"1707\" src=\"https:\/\/adrimak.com.br\/wp-content\/uploads\/2024\/07\/A7302107-FINAL-min-scaled.jpg\" class=\"attachment-full size-full wp-image-13683\" alt=\"\" srcset=\"https:\/\/adrimak.com.br\/wp-content\/uploads\/2024\/07\/A7302107-FINAL-min-scaled.jpg 2560w, https:\/\/adrimak.com.br\/wp-content\/uploads\/2024\/07\/A7302107-FINAL-min-300x200.jpg 300w, https:\/\/adrimak.com.br\/wp-content\/uploads\/2024\/07\/A7302107-FINAL-min-1024x683.jpg 1024w, https:\/\/adrimak.com.br\/wp-content\/uploads\/2024\/07\/A7302107-FINAL-min-768x512.jpg 768w, https:\/\/adrimak.com.br\/wp-content\/uploads\/2024\/07\/A7302107-FINAL-min-1536x1024.jpg 1536w, https:\/\/adrimak.com.br\/wp-content\/uploads\/2024\/07\/A7302107-FINAL-min-2048x1365.jpg 2048w\" sizes=\"(max-width: 2560px) 100vw, 2560px\" \/>\t\t\t\t\t\t\t\t\t\t\t\t\t<\/div>\n\t\t\t\t<\/div>\n\t\t\t\t<div class=\"elementor-element elementor-element-4c05fea elementor-widget elementor-widget-spacer\" data-id=\"4c05fea\" data-element_type=\"widget\" data-widget_type=\"spacer.default\">\n\t\t\t\t<div class=\"elementor-widget-container\">\n\t\t\t\t\t<div class=\"elementor-spacer\">\n\t\t\t<div class=\"elementor-spacer-inner\"><\/div>\n\t\t<\/div>\n\t\t\t\t<\/div>\n\t\t\t\t<\/div>\n\t\t\t\t<div class=\"elementor-element elementor-element-3992e95 elementor-widget elementor-widget-heading\" data-id=\"3992e95\" data-element_type=\"widget\" data-widget_type=\"heading.default\">\n\t\t\t\t<div class=\"elementor-widget-container\">\n\t\t\t<h2 class=\"elementor-heading-title elementor-size-default\">Nossa hist\u00f3ria<\/h2>\t\t<\/div>\n\t\t\t\t<\/div>\n\t\t\t\t<div class=\"elementor-element elementor-element-975687f elementor-widget elementor-widget-spacer\" data-id=\"975687f\" data-element_type=\"widget\" data-widget_type=\"spacer.default\">\n\t\t\t\t<div class=\"elementor-widget-container\">\n\t\t\t\t\t<div class=\"elementor-spacer\">\n\t\t\t<div class=\"elementor-spacer-inner\"><\/div>\n\t\t<\/div>\n\t\t\t\t<\/div>\n\t\t\t\t<\/div>\n\t\t\t\t<div class=\"elementor-element elementor-element-5a904a8 elementor-widget elementor-widget-text-editor\" data-id=\"5a904a8\" data-element_type=\"widget\" data-widget_type=\"text-editor.default\">\n\t\t\t\t<div class=\"elementor-widget-container\">\n\t\t\t<style>\/*! elementor - v3.22.0 - 17-06-2024 *\/\n.elementor-widget-text-editor.elementor-drop-cap-view-stacked .elementor-drop-cap{background-color:#69727d;color:#fff}.elementor-widget-text-editor.elementor-drop-cap-view-framed .elementor-drop-cap{color:#69727d;border:3px solid;background-color:transparent}.elementor-widget-text-editor:not(.elementor-drop-cap-view-default) .elementor-drop-cap{margin-top:8px}.elementor-widget-text-editor:not(.elementor-drop-cap-view-default) .elementor-drop-cap-letter{width:1em;height:1em}.elementor-widget-text-editor .elementor-drop-cap{float:left;text-align:center;line-height:1;font-size:50px}.elementor-widget-text-editor .elementor-drop-cap-letter{display:inline-block}<\/style>\t\t\t\t<p class=\"s2\">A Adrimak empresa de tecnologia em impress\u00e3o atua no mercado a mais 15 anos, sempre primando pela transpar\u00eancia e seriedade e pre\u00e7os justos em seus neg\u00f3cios seja com clientes ou fornecedores.<\/p><p class=\"s2\">Somos fornecedores de setores de governo com atendimento a v\u00e1rias prefeituras da regi\u00e3o e governo estadual com mais de 2.000 equipamentos instalados em outsoursingde impress\u00e3o. \u00a0<\/p><p class=\"s2\">Quanto ao setor privado, oferecemos solu\u00e7\u00f5es na gest\u00e3o de documentos, c\u00f3pia impress\u00e3o de digitaliza\u00e7\u00e3o, impress\u00e3o t\u00e9rmica de etiquetas, lousa digital, terminais de auto atendimento, com equipamentos modernos e com tecnologia mais avan\u00e7ada do mercado.<\/p><p class=\"s2\">Somos revenda autorizada dos principais fabricantes de equipamentos como Ricoh, Kyocera e Xerox com equipamentos para ambiente escrit\u00f3rio at\u00e9 alto volume, para setores gr\u00e1ficos.<\/p><p class=\"s2\">Isso possibilita treinamento t\u00e9cnico a nossos colaboradores bem com suprimentos e pe\u00e7as originais com acesso direto aos fabricantes, assegurando durabilidade e melhor desempenho de seus equipamentos.<\/p><p class=\"s2\">Conhe\u00e7a nossos produtos bem como nossas solu\u00e7\u00f5es visitando nosso showroom, em nossa sede ou agendando uma visita de nossa \u00e1rea comercial.<\/p>\t\t\t\t\t\t<\/div>\n\t\t\t\t<\/div>\n\t\t\t\t\t<\/div>\n\t\t\t\t<\/div>\n\t\t\t\t<\/div>\n\t\t","protected":false},"excerpt":{"rendered":"<p>N\u00f3s escrevemos nossa hist\u00f3ria! Nossa hist\u00f3ria A Adrimak empresa de tecnologia em impress\u00e3o atua no mercado a mais 15 anos, sempre primando pela transpar\u00eancia e seriedade e pre\u00e7os justos em seus neg\u00f3cios seja com clientes ou fornecedores. Somos fornecedores de setores de governo com atendimento a v\u00e1rias prefeituras da regi\u00e3o e governo estadual com mais [&hellip;]<\/p>\n","protected":false},"author":1,"featured_media":0,"parent":0,"menu_order":0,"comment_status":"closed","ping_status":"closed","template":"","meta":{"content-type":"","footnotes":""},"class_list":["post-13586","page","type-page","status-publish","hentry","no-post-thumbnail"],"acf":[],"_links":{"self":[{"href":"https:\/\/adrimak.com.br\/index.php?rest_route=\/wp\/v2\/pages\/13586","targetHints":{"allow":["GET"]}}],"collection":[{"href":"https:\/\/adrimak.com.br\/index.php?rest_route=\/wp\/v2\/pages"}],"about":[{"href":"https:\/\/adrimak.com.br\/index.php?rest_route=\/wp\/v2\/types\/page"}],"author":[{"embeddable":true,"href":"https:\/\/adrimak.com.br\/index.php?rest_route=\/wp\/v2\/users\/1"}],"replies":[{"embeddable":true,"href":"https:\/\/adrimak.com.br\/index.php?rest_route=%2Fwp%2Fv2%2Fcomments&post=13586"}],"version-history":[{"count":32,"href":"https:\/\/adrimak.com.br\/index.php?rest_route=\/wp\/v2\/pages\/13586\/revisions"}],"predecessor-version":[{"id":13694,"href":"https:\/\/adrimak.com.br\/index.php?rest_route=\/wp\/v2\/pages\/13586\/revisions\/13694"}],"wp:attachment":[{"href":"https:\/\/adrimak.com.br\/index.php?rest_route=%2Fwp%2Fv2%2Fmedia&parent=13586"}],"curies":[{"name":"wp","href":"https:\/\/api.w.org\/{rel}","templated":true}]}}